{"id":1592,"date":"2026-02-10T07:48:37","date_gmt":"2026-02-10T07:48:37","guid":{"rendered":"https:\/\/sanitasaglikgrubu.com\/en\/?page_id=1592"},"modified":"2026-02-10T07:59:54","modified_gmt":"2026-02-10T07:59:54","slug":"dr-busra-kayaoglu","status":"publish","type":"page","link":"https:\/\/sanitasaglikgrubu.com\/en\/dr-busra-kayaoglu\/","title":{"rendered":"Dr. B\u00fc\u015fra Kayao\u011flu"},"content":{"rendered":"\t\t<div data-elementor-type=\"wp-page\" data-elementor-id=\"1592\" class=\"elementor elementor-1592\" data-elementor-post-type=\"page\">\n\t\t\t\t<div class=\"elementor-element elementor-element-a7cad11 e-flex e-con-boxed e-con e-parent\" data-id=\"a7cad11\" data-element_type=\"container\" data-e-type=\"container\" data-settings=\"{&quot;background_background&quot;:&quot;video&quot;,&quot;background_video_link&quot;:&quot;https:\\\/\\\/sanitasaglikgrubu.com\\\/en\\\/wp-content\\\/uploads\\\/2026\\\/02\\\/SANITA-2025-YATAY-SABLONLAR-3.mp4&quot;,&quot;background_play_on_mobile&quot;:&quot;yes&quot;}\">\n\t\t\t\t\t<div class=\"e-con-inner\">\n\t\t<div class=\"elementor-background-video-container\">\n\t\t\t\t\t\t\t<video class=\"elementor-background-video-hosted\" role=\"presentation\" autoplay muted playsinline loop><\/video>\n\t\t\t\t\t<\/div><div class=\"elementor-element elementor-element-255a31e e-con-full e-flex e-con e-child\" data-id=\"255a31e\" data-element_type=\"container\" data-e-type=\"container\">\n\t\t<div class=\"elementor-element elementor-element-07d9571 e-con-full e-flex e-con e-child\" data-id=\"07d9571\" data-element_type=\"container\" data-e-type=\"container\">\n\t\t\t\t<div class=\"elementor-element elementor-element-63ab1b0 elementor-shape-rounded elementor-grid-0 e-grid-align-center elementor-widget elementor-widget-social-icons\" data-id=\"63ab1b0\" data-element_type=\"widget\" data-e-type=\"widget\" data-widget_type=\"social-icons.default\">\n\t\t\t\t\t\t\t<div class=\"elementor-social-icons-wrapper elementor-grid\" role=\"list\">\n\t\t\t\t\t\t\t<span class=\"elementor-grid-item\" role=\"listitem\">\n\t\t\t\t\t<a class=\"elementor-icon elementor-social-icon elementor-social-icon-facebook elementor-animation-shrink elementor-repeater-item-68d896b\" href=\"https:\/\/www.facebook.com\/sanitasaglik\/\" target=\"_blank\">\n\t\t\t\t\t\t<span class=\"elementor-screen-only\">Facebook<\/span>\n\t\t\t\t\t\t<svg aria-hidden=\"true\" class=\"e-font-icon-svg e-fab-facebook\" viewBox=\"0 0 512 512\" xmlns=\"http:\/\/www.w3.org\/2000\/svg\"><path d=\"M504 256C504 119 393 8 256 8S8 119 8 256c0 123.78 90.69 226.38 209.25 245V327.69h-63V256h63v-54.64c0-62.15 37-96.48 93.67-96.48 27.14 0 55.52 4.84 55.52 4.84v61h-31.28c-30.8 0-40.41 19.12-40.41 38.73V256h68.78l-11 71.69h-57.78V501C413.31 482.38 504 379.78 504 256z\"><\/path><\/svg>\t\t\t\t\t<\/a>\n\t\t\t\t<\/span>\n\t\t\t\t\t\t\t<span class=\"elementor-grid-item\" role=\"listitem\">\n\t\t\t\t\t<a class=\"elementor-icon elementor-social-icon elementor-social-icon-youtube elementor-animation-shrink elementor-repeater-item-6b79218\" href=\"https:\/\/www.youtube.com\/@SanitaSaglikGrubu\/featured\" target=\"_blank\">\n\t\t\t\t\t\t<span class=\"elementor-screen-only\">Youtube<\/span>\n\t\t\t\t\t\t<svg aria-hidden=\"true\" class=\"e-font-icon-svg e-fab-youtube\" viewBox=\"0 0 576 512\" xmlns=\"http:\/\/www.w3.org\/2000\/svg\"><path d=\"M549.655 124.083c-6.281-23.65-24.787-42.276-48.284-48.597C458.781 64 288 64 288 64S117.22 64 74.629 75.486c-23.497 6.322-42.003 24.947-48.284 48.597-11.412 42.867-11.412 132.305-11.412 132.305s0 89.438 11.412 132.305c6.281 23.65 24.787 41.5 48.284 47.821C117.22 448 288 448 288 448s170.78 0 213.371-11.486c23.497-6.321 42.003-24.171 48.284-47.821 11.412-42.867 11.412-132.305 11.412-132.305s0-89.438-11.412-132.305zm-317.51 213.508V175.185l142.739 81.205-142.739 81.201z\"><\/path><\/svg>\t\t\t\t\t<\/a>\n\t\t\t\t<\/span>\n\t\t\t\t\t\t\t<span class=\"elementor-grid-item\" role=\"listitem\">\n\t\t\t\t\t<a class=\"elementor-icon elementor-social-icon elementor-social-icon-instagram elementor-animation-shrink elementor-repeater-item-36183e2\" href=\"https:\/\/www.instagram.com\/sanitasaglikgrubu\/\" target=\"_blank\">\n\t\t\t\t\t\t<span class=\"elementor-screen-only\">Instagram<\/span>\n\t\t\t\t\t\t<svg aria-hidden=\"true\" class=\"e-font-icon-svg e-fab-instagram\" viewBox=\"0 0 448 512\" xmlns=\"http:\/\/www.w3.org\/2000\/svg\"><path d=\"M224.1 141c-63.6 0-114.9 51.3-114.9 114.9s51.3 114.9 114.9 114.9S339 319.5 339 255.9 287.7 141 224.1 141zm0 189.6c-41.1 0-74.7-33.5-74.7-74.7s33.5-74.7 74.7-74.7 74.7 33.5 74.7 74.7-33.6 74.7-74.7 74.7zm146.4-194.3c0 14.9-12 26.8-26.8 26.8-14.9 0-26.8-12-26.8-26.8s12-26.8 26.8-26.8 26.8 12 26.8 26.8zm76.1 27.2c-1.7-35.9-9.9-67.7-36.2-93.9-26.2-26.2-58-34.4-93.9-36.2-37-2.1-147.9-2.1-184.9 0-35.8 1.7-67.6 9.9-93.9 36.1s-34.4 58-36.2 93.9c-2.1 37-2.1 147.9 0 184.9 1.7 35.9 9.9 67.7 36.2 93.9s58 34.4 93.9 36.2c37 2.1 147.9 2.1 184.9 0 35.9-1.7 67.7-9.9 93.9-36.2 26.2-26.2 34.4-58 36.2-93.9 2.1-37 2.1-147.8 0-184.8zM398.8 388c-7.8 19.6-22.9 34.7-42.6 42.6-29.5 11.7-99.5 9-132.1 9s-102.7 2.6-132.1-9c-19.6-7.8-34.7-22.9-42.6-42.6-11.7-29.5-9-99.5-9-132.1s-2.6-102.7 9-132.1c7.8-19.6 22.9-34.7 42.6-42.6 29.5-11.7 99.5-9 132.1-9s102.7-2.6 132.1 9c19.6 7.8 34.7 22.9 42.6 42.6 11.7 29.5 9 99.5 9 132.1s2.7 102.7-9 132.1z\"><\/path><\/svg>\t\t\t\t\t<\/a>\n\t\t\t\t<\/span>\n\t\t\t\t\t<\/div>\n\t\t\t\t\t\t<\/div>\n\t\t\t\t<\/div>\n\t\t\t\t<\/div>\n\t\t\t\t\t<\/div>\n\t\t\t\t<\/div>\n\t\t<div class=\"elementor-element elementor-element-10e9b01 e-flex e-con-boxed e-con e-parent\" data-id=\"10e9b01\" data-element_type=\"container\" data-e-type=\"container\">\n\t\t\t\t\t<div class=\"e-con-inner\">\n\t\t<div class=\"elementor-element elementor-element-6350dab e-con-full e-flex e-con e-child\" data-id=\"6350dab\" data-element_type=\"container\" data-e-type=\"container\">\n\t\t<div class=\"elementor-element elementor-element-2309fc0 e-con-full e-flex e-con e-child\" data-id=\"2309fc0\" data-element_type=\"container\" data-e-type=\"container\">\n\t\t\t\t<div class=\"elementor-element elementor-element-ac04b39 elementor-widget elementor-widget-image\" data-id=\"ac04b39\" data-element_type=\"widget\" data-e-type=\"widget\" data-widget_type=\"image.default\">\n\t\t\t\t\t\t\t\t\t\t\t\t\t\t\t<img fetchpriority=\"high\" decoding=\"async\" width=\"512\" height=\"512\" src=\"https:\/\/sanitasaglikgrubu.com\/en\/wp-content\/uploads\/2026\/02\/Dr-Busra-Kayaoglu-Sanita-1.png\" class=\"attachment-large size-large wp-image-1594\" alt=\"\" srcset=\"https:\/\/sanitasaglikgrubu.com\/en\/wp-content\/uploads\/2026\/02\/Dr-Busra-Kayaoglu-Sanita-1.png 512w, https:\/\/sanitasaglikgrubu.com\/en\/wp-content\/uploads\/2026\/02\/Dr-Busra-Kayaoglu-Sanita-1-300x300.png 300w, https:\/\/sanitasaglikgrubu.com\/en\/wp-content\/uploads\/2026\/02\/Dr-Busra-Kayaoglu-Sanita-1-150x150.png 150w\" sizes=\"(max-width: 512px) 100vw, 512px\" \/>\t\t\t\t\t\t\t\t\t\t\t\t\t\t\t<\/div>\n\t\t\t\t<\/div>\n\t\t<div class=\"elementor-element elementor-element-ee8a257 e-con-full e-flex e-con e-child\" data-id=\"ee8a257\" data-element_type=\"container\" data-e-type=\"container\">\n\t\t\t\t<div class=\"elementor-element elementor-element-b52a297 elementor-widget elementor-widget-heading\" data-id=\"b52a297\" data-element_type=\"widget\" data-e-type=\"widget\" data-widget_type=\"heading.default\">\n\t\t\t\t\t<h2 class=\"elementor-heading-title elementor-size-default\">Dr. B\u00fc\u015fra Kayao\u011flu is a highly qualified dentist who graduated from Istanbul University Faculty of Dentistry and continued her advanced doctoral training in Prosthodontics at the same institution.<\/h2>\t\t\t\t<\/div>\n\t\t\t\t<\/div>\n\t\t\t\t<\/div>\n\t\t\t\t\t<\/div>\n\t\t\t\t<\/div>\n\t\t<div class=\"elementor-element elementor-element-9c980bf e-flex e-con-boxed e-con e-parent\" data-id=\"9c980bf\" data-element_type=\"container\" data-e-type=\"container\">\n\t\t\t\t\t<div class=\"e-con-inner\">\n\t\t<div class=\"elementor-element elementor-element-d46ba70 e-con-full e-flex e-con e-child\" data-id=\"d46ba70\" data-element_type=\"container\" data-e-type=\"container\">\n\t\t\t\t<div class=\"elementor-element elementor-element-bfa8d47 elementor-widget elementor-widget-heading\" data-id=\"bfa8d47\" data-element_type=\"widget\" data-e-type=\"widget\" data-widget_type=\"heading.default\">\n\t\t\t\t\t<h2 class=\"elementor-heading-title elementor-size-default\">She is dedicated to delivering modern, patient-centered dental care by combining academic knowledge with clinical excellence. Throughout her career, Dr. Kayao\u011flu has actively participated in numerous national and international congresses, symposiums, and scientific meetings, continuously enhancing her expertise by following the latest developments in dentistry.<\/h2>\t\t\t\t<\/div>\n\t\t\t\t<div class=\"elementor-element elementor-element-abecc90 elementor-widget-divider--view-line elementor-widget elementor-widget-divider\" data-id=\"abecc90\" data-element_type=\"widget\" data-e-type=\"widget\" data-widget_type=\"divider.default\">\n\t\t\t\t\t\t\t<div class=\"elementor-divider\">\n\t\t\t<span class=\"elementor-divider-separator\">\n\t\t\t\t\t\t<\/span>\n\t\t<\/div>\n\t\t\t\t\t\t<\/div>\n\t\t<div class=\"elementor-element elementor-element-df53471 e-con-full e-flex e-con e-child\" data-id=\"df53471\" data-element_type=\"container\" data-e-type=\"container\">\n\t\t<div class=\"elementor-element elementor-element-332f7f3 e-con-full e-flex e-con e-child\" data-id=\"332f7f3\" data-element_type=\"container\" data-e-type=\"container\">\n\t\t\t\t<div class=\"elementor-element elementor-element-877ad04 elementor-widget elementor-widget-text-editor\" data-id=\"877ad04\" data-element_type=\"widget\" data-e-type=\"widget\" data-widget_type=\"text-editor.default\">\n\t\t\t\t\t\t\t\t\t<p data-start=\"826\" data-end=\"1072\">Her professional focus includes <strong data-start=\"858\" data-end=\"890\">prosthetic dental treatments<\/strong>, <strong data-start=\"892\" data-end=\"937\">implant-supported prosthetic restorations<\/strong>, and <strong data-start=\"943\" data-end=\"963\">smile aesthetics<\/strong>, with an emphasis on natural-looking, long-lasting, and functional results tailored to each patient\u2019s needs.<\/p><p data-start=\"1074\" data-end=\"1463\">Dr. Kayao\u011flu has gained extensive experience by working in various oral and dental health centers and, since <strong data-start=\"1183\" data-end=\"1191\">2024<\/strong>, has been providing comprehensive dental care at <strong data-start=\"1241\" data-end=\"1285\">Sanita Oral and Dental Health Polyclinic<\/strong>. She is committed to offering her patients a comfortable treatment experience, high clinical standards, and aesthetic outcomes that enhance both oral health and self-confidence.<\/p>\t\t\t\t\t\t\t\t<\/div>\n\t\t\t\t<\/div>\n\t\t\t\t<\/div>\n\t\t<div class=\"elementor-element elementor-element-09513b0 e-con-full e-flex e-con e-child\" data-id=\"09513b0\" data-element_type=\"container\" data-e-type=\"container\">\n\t\t<div class=\"elementor-element elementor-element-1451535 e-con-full e-flex e-con e-child\" data-id=\"1451535\" data-element_type=\"container\" data-e-type=\"container\">\n\t\t\t\t<div class=\"elementor-element elementor-element-d221ff3 elementor-widget elementor-widget-heading\" data-id=\"d221ff3\" data-element_type=\"widget\" data-e-type=\"widget\" data-widget_type=\"heading.default\">\n\t\t\t\t\t<h2 class=\"elementor-heading-title elementor-size-default\">Education &amp; Advanced Training<\/h2>\t\t\t\t<\/div>\n\t\t\t\t<div class=\"elementor-element elementor-element-4612b10 elementor-widget-divider--view-line elementor-widget elementor-widget-divider\" data-id=\"4612b10\" data-element_type=\"widget\" data-e-type=\"widget\" data-widget_type=\"divider.default\">\n\t\t\t\t\t\t\t<div class=\"elementor-divider\">\n\t\t\t<span class=\"elementor-divider-separator\">\n\t\t\t\t\t\t<\/span>\n\t\t<\/div>\n\t\t\t\t\t\t<\/div>\n\t\t\t\t<div class=\"elementor-element elementor-element-a90b136 elementor-widget elementor-widget-text-editor\" data-id=\"a90b136\" data-element_type=\"widget\" data-e-type=\"widget\" data-widget_type=\"text-editor.default\">\n\t\t\t\t\t\t\t\t\t<ul><li data-start=\"1506\" data-end=\"1550\"><p data-start=\"1508\" data-end=\"1550\">Istanbul University Faculty of Dentistry<\/p><\/li><li data-start=\"1551\" data-end=\"1587\"><p data-start=\"1553\" data-end=\"1587\">Doctoral Program in Prosthodontics<\/p><\/li><\/ul>\t\t\t\t\t\t\t\t<\/div>\n\t\t\t\t<div class=\"elementor-element elementor-element-477662d elementor-widget elementor-widget-heading\" data-id=\"477662d\" data-element_type=\"widget\" data-e-type=\"widget\" data-widget_type=\"heading.default\">\n\t\t\t\t\t<h2 class=\"elementor-heading-title elementor-size-default\">Professional Courses &amp; Scientific Participation<\/h2>\t\t\t\t<\/div>\n\t\t\t\t<div class=\"elementor-element elementor-element-607667e elementor-widget-divider--view-line elementor-widget elementor-widget-divider\" data-id=\"607667e\" data-element_type=\"widget\" data-e-type=\"widget\" data-widget_type=\"divider.default\">\n\t\t\t\t\t\t\t<div class=\"elementor-divider\">\n\t\t\t<span class=\"elementor-divider-separator\">\n\t\t\t\t\t\t<\/span>\n\t\t<\/div>\n\t\t\t\t\t\t<\/div>\n\t\t\t\t<div class=\"elementor-element elementor-element-944ce97 elementor-widget elementor-widget-text-editor\" data-id=\"944ce97\" data-element_type=\"widget\" data-e-type=\"widget\" data-widget_type=\"text-editor.default\">\n\t\t\t\t\t\t\t\t\t<ul><li data-start=\"1643\" data-end=\"1709\"><p data-start=\"1645\" data-end=\"1709\">Smile Design and Laminate Veneers \u2013 Prof. Dr. Erhan \u00c7\u00f6mleko\u011flu<\/p><\/li><li data-start=\"1710\" data-end=\"1807\"><p data-start=\"1712\" data-end=\"1807\">Occlusion and Clinical Protocols in Implant-Supported Prostheses \u2013 Prof. Dr. Erhan \u00c7\u00f6mleko\u011flu<\/p><\/li><li data-start=\"1808\" data-end=\"1881\"><p data-start=\"1810\" data-end=\"1881\">Turkish Dental Association Scientific Congresses (Oral Presentations)<\/p><\/li><li data-start=\"1882\" data-end=\"1926\"><p data-start=\"1884\" data-end=\"1926\">International TPID Scientific Congresses<\/p><\/li><li data-start=\"1927\" data-end=\"1991\"><p data-start=\"1929\" data-end=\"1991\">Turkish Prosthodontics and Implantology Association Congress<\/p><\/li><li data-start=\"1992\" data-end=\"2033\"><p data-start=\"1994\" data-end=\"2033\">ITI Turkey &amp; Azerbaijan Section Meeting<\/p><\/li><\/ul>\t\t\t\t\t\t\t\t<\/div>\n\t\t\t\t<div class=\"elementor-element elementor-element-0efee9a elementor-widget elementor-widget-heading\" data-id=\"0efee9a\" data-element_type=\"widget\" data-e-type=\"widget\" data-widget_type=\"heading.default\">\n\t\t\t\t\t<h2 class=\"elementor-heading-title elementor-size-default\">Languages<\/h2>\t\t\t\t<\/div>\n\t\t\t\t<div class=\"elementor-element elementor-element-336c458 elementor-widget-divider--view-line elementor-widget elementor-widget-divider\" data-id=\"336c458\" data-element_type=\"widget\" data-e-type=\"widget\" data-widget_type=\"divider.default\">\n\t\t\t\t\t\t\t<div class=\"elementor-divider\">\n\t\t\t<span class=\"elementor-divider-separator\">\n\t\t\t\t\t\t<\/span>\n\t\t<\/div>\n\t\t\t\t\t\t<\/div>\n\t\t\t\t<div class=\"elementor-element elementor-element-b391718 elementor-widget elementor-widget-text-editor\" data-id=\"b391718\" data-element_type=\"widget\" data-e-type=\"widget\" data-widget_type=\"text-editor.default\">\n\t\t\t\t\t\t\t\t\t<ul><li data-start=\"214\" data-end=\"274\">English (Fluent \/ Good proficiency)<\/li><\/ul><p data-start=\"276\" data-end=\"406\" data-is-last-node=\"\" data-is-only-node=\"\">\u00a0<\/p>\t\t\t\t\t\t\t\t<\/div>\n\t\t\t\t<div class=\"elementor-element elementor-element-36a1eaa elementor-widget elementor-widget-heading\" data-id=\"36a1eaa\" data-element_type=\"widget\" data-e-type=\"widget\" data-widget_type=\"heading.default\">\n\t\t\t\t\t<h2 class=\"elementor-heading-title elementor-size-default\">Areas of Expertise:<\/h2>\t\t\t\t<\/div>\n\t\t\t\t<div class=\"elementor-element elementor-element-2a412b6 elementor-widget-divider--view-line elementor-widget elementor-widget-divider\" data-id=\"2a412b6\" data-element_type=\"widget\" data-e-type=\"widget\" data-widget_type=\"divider.default\">\n\t\t\t\t\t\t\t<div class=\"elementor-divider\">\n\t\t\t<span class=\"elementor-divider-separator\">\n\t\t\t\t\t\t<\/span>\n\t\t<\/div>\n\t\t\t\t\t\t<\/div>\n\t\t\t\t<div class=\"elementor-element elementor-element-08ee0b4 elementor-widget elementor-widget-text-editor\" data-id=\"08ee0b4\" data-element_type=\"widget\" data-e-type=\"widget\" data-widget_type=\"text-editor.default\">\n\t\t\t\t\t\t\t\t\t<ul><li data-start=\"2115\" data-end=\"2147\"><p data-start=\"2117\" data-end=\"2147\">Prosthetic Dental Treatments<\/p><\/li><li data-start=\"2148\" data-end=\"2193\"><p data-start=\"2150\" data-end=\"2193\">Implant-Supported Prosthetic Restorations<\/p><\/li><li data-start=\"2194\" data-end=\"2212\"><p data-start=\"2196\" data-end=\"2212\">Smile Aesthetics<\/p><\/li><\/ul>\t\t\t\t\t\t\t\t<\/div>\n\t\t\t\t<\/div>\n\t\t\t\t<\/div>\n\t\t\t\t<\/div>\n\t\t\t\t\t<\/div>\n\t\t\t\t<\/div>\n\t\t<div class=\"elementor-element elementor-element-b0e3031 e-flex e-con-boxed e-con e-parent\" data-id=\"b0e3031\" data-element_type=\"container\" data-e-type=\"container\" data-settings=\"{&quot;background_background&quot;:&quot;slideshow&quot;,&quot;background_slideshow_gallery&quot;:[{&quot;id&quot;:940,&quot;url&quot;:&quot;https:\\\/\\\/sanitasaglikgrubu.com\\\/en\\\/wp-content\\\/uploads\\\/2026\\\/02\\\/Gulus-Estetigi-1-1.jpg&quot;},{&quot;id&quot;:958,&quot;url&quot;:&quot;https:\\\/\\\/sanitasaglikgrubu.com\\\/en\\\/wp-content\\\/uploads\\\/2026\\\/02\\\/Ortodonti.jpg&quot;},{&quot;id&quot;:963,&quot;url&quot;:&quot;https:\\\/\\\/sanitasaglikgrubu.com\\\/en\\\/wp-content\\\/uploads\\\/2026\\\/02\\\/Sanita-Saglik.jpg&quot;},{&quot;id&quot;:827,&quot;url&quot;:&quot;https:\\\/\\\/sanitasaglikgrubu.com\\\/en\\\/wp-content\\\/uploads\\\/2026\\\/02\\\/Robotik-Implant.jpg&quot;},{&quot;id&quot;:831,&quot;url&quot;:&quot;https:\\\/\\\/sanitasaglikgrubu.com\\\/en\\\/wp-content\\\/uploads\\\/2026\\\/02\\\/All-On-4-Implant.jpg&quot;}],&quot;background_slideshow_slide_duration&quot;:500,&quot;background_slideshow_transition_duration&quot;:5000,&quot;background_slideshow_loop&quot;:&quot;yes&quot;,&quot;background_slideshow_slide_transition&quot;:&quot;fade&quot;}\">\n\t\t\t\t\t<div class=\"e-con-inner\">\n\t\t<div class=\"elementor-element elementor-element-802e909 e-con-full e-flex e-con e-child\" data-id=\"802e909\" data-element_type=\"container\" data-e-type=\"container\">\n\t\t<div class=\"elementor-element elementor-element-b94e882 e-con-full e-flex e-con e-child\" data-id=\"b94e882\" data-element_type=\"container\" data-e-type=\"container\">\n\t\t\t\t<div class=\"elementor-element elementor-element-4468932 elementor-widget elementor-widget-heading\" data-id=\"4468932\" data-element_type=\"widget\" data-e-type=\"widget\" data-widget_type=\"heading.default\">\n\t\t\t\t\t<h2 class=\"elementor-heading-title elementor-size-default\">Let us call You!<\/h2>\t\t\t\t<\/div>\n\t\t\t\t<div class=\"elementor-element elementor-element-9fd419e elementor-widget-divider--view-line elementor-widget elementor-widget-divider\" data-id=\"9fd419e\" data-element_type=\"widget\" data-e-type=\"widget\" data-widget_type=\"divider.default\">\n\t\t\t\t\t\t\t<div class=\"elementor-divider\">\n\t\t\t<span class=\"elementor-divider-separator\">\n\t\t\t\t\t\t<\/span>\n\t\t<\/div>\n\t\t\t\t\t\t<\/div>\n\t\t\t\t<div class=\"elementor-element elementor-element-805a723 elementor-widget__width-initial elementor-button-align-stretch elementor-widget elementor-widget-form\" data-id=\"805a723\" data-element_type=\"widget\" data-e-type=\"widget\" data-settings=\"{&quot;button_width&quot;:&quot;20&quot;,&quot;step_next_label&quot;:&quot;Next&quot;,&quot;step_previous_label&quot;:&quot;Previous&quot;,&quot;step_type&quot;:&quot;number_text&quot;,&quot;step_icon_shape&quot;:&quot;circle&quot;}\" data-widget_type=\"form.default\">\n\t\t\t\t\t\t\t<form class=\"elementor-form\" method=\"post\" name=\"New Form\" aria-label=\"New Form\">\n\t\t\t<input type=\"hidden\" name=\"post_id\" value=\"1592\"\/>\n\t\t\t<input type=\"hidden\" name=\"form_id\" value=\"805a723\"\/>\n\t\t\t<input type=\"hidden\" name=\"referer_title\" value=\"Dr. B\u00fc\u015fra Kayao\u011flu\" \/>\n\n\t\t\t\t\t\t\t<input type=\"hidden\" name=\"queried_id\" value=\"1592\"\/>\n\t\t\t\n\t\t\t<div class=\"elementor-form-fields-wrapper elementor-labels-\">\n\t\t\t\t\t\t\t\t<div class=\"elementor-field-type-text elementor-field-group elementor-column elementor-field-group-name elementor-col-40\">\n\t\t\t\t\t\t\t\t\t\t\t\t<label for=\"form-field-name\" class=\"elementor-field-label elementor-screen-only\">\n\t\t\t\t\t\t\t\tName\t\t\t\t\t\t\t<\/label>\n\t\t\t\t\t\t\t\t\t\t\t\t\t\t<input size=\"1\" type=\"text\" name=\"form_fields[name]\" id=\"form-field-name\" class=\"elementor-field elementor-size-sm  elementor-field-textual\" placeholder=\"Name\">\n\t\t\t\t\t\t\t\t\t\t\t<\/div>\n\t\t\t\t\t\t\t\t<div class=\"elementor-field-type-tel elementor-field-group elementor-column elementor-field-group-field_2cb1d61 elementor-col-40\">\n\t\t\t\t\t\t\t\t\t\t\t\t<label for=\"form-field-field_2cb1d61\" class=\"elementor-field-label elementor-screen-only\">\n\t\t\t\t\t\t\t\tPhone\t\t\t\t\t\t\t<\/label>\n\t\t\t\t\t\t\t\t<input size=\"1\" type=\"tel\" name=\"form_fields[field_2cb1d61]\" id=\"form-field-field_2cb1d61\" class=\"elementor-field elementor-size-sm  elementor-field-textual\" placeholder=\"Phone\" pattern=\"[0-9()#&amp;+*-=.]+\" title=\"Only numbers and phone characters (#, -, *, etc) are accepted.\">\n\n\t\t\t\t\t\t<\/div>\n\t\t\t\t\t\t\t\t<div class=\"elementor-field-type-recaptcha_v3 elementor-field-group elementor-column elementor-field-group-field_152dd79 elementor-col-100 recaptcha_v3-bottomleft\">\n\t\t\t\t\t<div class=\"elementor-field\" id=\"form-field-field_152dd79\"><div class=\"elementor-g-recaptcha\" data-sitekey=\"6LeRpdcrAAAAAMbP-UkW2d7d35w4r3ye2Eq5O7P_\" data-type=\"v3\" data-action=\"Form\" data-badge=\"bottomleft\" data-size=\"invisible\"><\/div><\/div>\t\t\t\t<\/div>\n\t\t\t\t\t\t\t\t<div class=\"elementor-field-group elementor-column elementor-field-type-submit elementor-col-20 e-form__buttons\">\n\t\t\t\t\t<button class=\"elementor-button elementor-size-sm elementor-animation-float\" type=\"submit\">\n\t\t\t\t\t\t<span class=\"elementor-button-content-wrapper\">\n\t\t\t\t\t\t\t\t\t\t\t\t\t\t\t\t\t\t\t\t\t\t<span class=\"elementor-button-text\">Send<\/span>\n\t\t\t\t\t\t\t\t\t\t\t\t\t<\/span>\n\t\t\t\t\t<\/button>\n\t\t\t\t<\/div>\n\t\t\t<\/div>\n\t\t<\/form>\n\t\t\t\t\t\t<\/div>\n\t\t\t\t<\/div>\n\t\t<div class=\"elementor-element elementor-element-3a08994 e-con-full elementor-hidden-tablet elementor-hidden-mobile e-flex e-con e-child\" data-id=\"3a08994\" data-element_type=\"container\" data-e-type=\"container\">\n\t\t\t\t<\/div>\n\t\t\t\t<\/div>\n\t\t\t\t\t<\/div>\n\t\t\t\t<\/div>\n\t\t\t\t<\/div>\n\t\t","protected":false},"excerpt":{"rendered":"<p>Facebook Youtube Instagram Dr. B\u00fc\u015fra Kayao\u011flu is a highly qualified dentist who graduated from Istanbul University Faculty of Dentistry and continued her advanced doctoral training in Prosthodontics at the same institution. She is dedicated to delivering modern, patient-centered dental care by combining academic knowledge with clinical excellence. Throughout her career, Dr. Kayao\u011flu has actively participated&#8230;<\/p>\n","protected":false},"author":1,"featured_media":0,"parent":0,"menu_order":0,"comment_status":"closed","ping_status":"closed","template":"","meta":{"_kad_post_transparent":"","_kad_post_title":"hide","_kad_post_layout":"fullwidth","_kad_post_sidebar_id":"","_kad_post_content_style":"unboxed","_kad_post_vertical_padding":"hide","_kad_post_feature":"hide","_kad_post_feature_position":"","_kad_post_header":false,"_kad_post_footer":false,"_kad_post_classname":"","footnotes":""},"class_list":["post-1592","page","type-page","status-publish","hentry"],"_links":{"self":[{"href":"https:\/\/sanitasaglikgrubu.com\/en\/wp-json\/wp\/v2\/pages\/1592","targetHints":{"allow":["GET"]}}],"collection":[{"href":"https:\/\/sanitasaglikgrubu.com\/en\/wp-json\/wp\/v2\/pages"}],"about":[{"href":"https:\/\/sanitasaglikgrubu.com\/en\/wp-json\/wp\/v2\/types\/page"}],"author":[{"embeddable":true,"href":"https:\/\/sanitasaglikgrubu.com\/en\/wp-json\/wp\/v2\/users\/1"}],"replies":[{"embeddable":true,"href":"https:\/\/sanitasaglikgrubu.com\/en\/wp-json\/wp\/v2\/comments?post=1592"}],"version-history":[{"count":16,"href":"https:\/\/sanitasaglikgrubu.com\/en\/wp-json\/wp\/v2\/pages\/1592\/revisions"}],"predecessor-version":[{"id":1611,"href":"https:\/\/sanitasaglikgrubu.com\/en\/wp-json\/wp\/v2\/pages\/1592\/revisions\/1611"}],"wp:attachment":[{"href":"https:\/\/sanitasaglikgrubu.com\/en\/wp-json\/wp\/v2\/media?parent=1592"}],"curies":[{"name":"wp","href":"https:\/\/api.w.org\/{rel}","templated":true}]}}